{"id":1990,"date":"2025-09-01T19:11:56","date_gmt":"2025-09-01T17:11:56","guid":{"rendered":"https:\/\/www.descubrirsevilla.com\/?page_id=1990"},"modified":"2025-09-09T11:09:34","modified_gmt":"2025-09-09T09:09:34","slug":"conseils-et-curiosites-sur-seville","status":"publish","type":"page","link":"https:\/\/www.descubrirsevilla.com\/fr\/conseils-et-curiosites-sur-seville\/","title":{"rendered":"Conseils"},"content":{"rendered":"\t\t<div data-elementor-type=\"wp-page\" data-elementor-id=\"1990\" class=\"elementor elementor-1990 elementor-1997\" data-elementor-post-type=\"page\">\n\t\t\t\t<div class=\"elementor-element elementor-element-ec0b69f e-con-full e-flex elementor-invisible e-con e-parent\" data-id=\"ec0b69f\" data-element_type=\"container\" data-settings=\"{&quot;background_background&quot;:&quot;classic&quot;,&quot;animation&quot;:&quot;fadeIn&quot;}\">\n\t\t\t\t<\/div>\n\t\t<div class=\"elementor-element elementor-element-558ea20 e-con-full e-flex elementor-invisible e-con e-parent\" data-id=\"558ea20\" data-element_type=\"container\" data-settings=\"{&quot;background_background&quot;:&quot;classic&quot;,&quot;animation&quot;:&quot;fadeIn&quot;}\">\n\t\t<div class=\"elementor-element elementor-element-7190338 e-con-full e-flex e-con e-child\" data-id=\"7190338\" data-element_type=\"container\">\n\t\t\t\t<div class=\"elementor-element elementor-element-9061e80 elementor-widget elementor-widget-heading\" data-id=\"9061e80\" data-element_type=\"widget\" data-widget_type=\"heading.default\">\n\t\t\t\t<div class=\"elementor-widget-container\">\n\t\t\t\t\t<h1 class=\"elementor-heading-title elementor-size-default\">CONSEILS ET CURIOSIT\u00c9S<\/h1>\t\t\t\t<\/div>\n\t\t\t\t<\/div>\n\t\t\t\t<div class=\"elementor-element elementor-element-3a755bb elementor-widget elementor-widget-text-editor\" data-id=\"3a755bb\" data-element_type=\"widget\" data-widget_type=\"text-editor.default\">\n\t\t\t\t<div class=\"elementor-widget-container\">\n\t\t\t\t\t\t\t\t\t<p>Que pensez-vous de venir \u00e0 S\u00e9ville ? Vous trouverez ici des conseils et des curiosit\u00e9s qui vous aideront \u00e0 pr\u00e9parer votre voyage.<\/p><p>Vous envisagez de venir \u00e0 S\u00e9ville ? Je suis s\u00fbre que vous allez adorer et que vous serez surpris. Il y a beaucoup de choses \u00e0 faire, des monuments \u00e0 d\u00e9couvrir, des rues \u00e0 parcourir, des tapas \u00e0 d\u00e9guster et des gens \u00e0 rencontrer.<\/p><p>Dans cette rubrique, j&rsquo;essaierai d&rsquo;en pr\u00e9senter quelques-unes, mais nous en parlerons davantage lorsque nous ferons une visite guid\u00e9e ensemble.<\/p>\t\t\t\t\t\t\t\t<\/div>\n\t\t\t\t<\/div>\n\t\t\t\t<div class=\"elementor-element elementor-element-5aeb728 elementor-widget elementor-widget-uael-posts\" data-id=\"5aeb728\" data-element_type=\"widget\" data-settings=\"{&quot;card_show_filters&quot;:&quot;yes&quot;,&quot;card_slides_to_show&quot;:3,&quot;card_slides_to_show_tablet&quot;:2,&quot;card_slides_to_show_mobile&quot;:1}\" data-widget_type=\"uael-posts.card\">\n\t\t\t\t<div class=\"elementor-widget-container\">\n\t\t\t\t\t\t\t<div class=\"uael-post__header\">\n\t\t\t\t\t<div class=\"uael-post__header-filters-wrap\">\n\t\t\t<ul class=\"uael-post__header-filters\" aria-label=\"Taxonomy Filter\">\n\t\t\t\t<li class=\"uael-post__header-filter uael-filter__current\" data-filter=\"*\">Todos<\/li>\n\t\t\t\t\t\t\t\t<li class=\"uael-post__header-filter\" data-filter=\".gastronomy\" tabindex=\"0\">Gastronomy<\/li>\n\t\t\t\t\t\t\t\t<li class=\"uael-post__header-filter\" data-filter=\".monuments\" tabindex=\"0\">Monuments<\/li>\n\t\t\t\t\t\t\t\t<li class=\"uael-post__header-filter\" data-filter=\".non-categorise\" tabindex=\"0\">Non cat\u00e9goris\u00e9<\/li>\n\t\t\t\t\t\t\t<\/ul>\n\n\t\t\t\t\t<\/div>\n\t\t\t\t<\/div>\n\t\t<div class=\"uael-post__body\">\n\t\t\t\n\t\t\n\t\t<div class=\"uael-post-grid uael-posts\" data-query-type=\"custom\" data-structure=\"normal\" data-layout=\"\" data-page=\"1990\" data-skin=\"card\" data-filter-default=\"Todos\" data-offset-top=\"30\" >\n\n\t\t\t\t\t\t\t<div class=\"uael-post-grid__inner uael-post__columns-3 uael-post__columns-tablet-2 uael-post__columns-mobile-1\">\n\t\t\t\n<div class=\"uael-post-wrapper gastronomy  gastronomy \">\n\t<div class=\"uael-post__bg-wrap\">\n\n\t\t\t\t\n\t\t<div class=\"uael-post__inner-wrap \">\n\n\t\t\t\t<div class=\"uael-post__thumbnail\">\n\t\t\t\n\t\t\t<a href=\"https:\/\/www.descubrirsevilla.com\/fr\/tapas-a-seville\/\" target=\"_self\" title=\"Tapas \u00e0 S\u00e9ville\"><img fetchpriority=\"high\" decoding=\"async\" width=\"1920\" height=\"1080\" src=\"https:\/\/www.descubrirsevilla.com\/wp-content\/uploads\/2025\/08\/tapas-sevilla.jpg\" class=\"attachment-full size-full wp-image-1731\" alt=\"Tapas en Sevilla\" srcset=\"https:\/\/www.descubrirsevilla.com\/wp-content\/uploads\/2025\/08\/tapas-sevilla.jpg 1920w, https:\/\/www.descubrirsevilla.com\/wp-content\/uploads\/2025\/08\/tapas-sevilla-500x281.jpg 500w, https:\/\/www.descubrirsevilla.com\/wp-content\/uploads\/2025\/08\/tapas-sevilla-1200x675.jpg 1200w, https:\/\/www.descubrirsevilla.com\/wp-content\/uploads\/2025\/08\/tapas-sevilla-300x169.jpg 300w, https:\/\/www.descubrirsevilla.com\/wp-content\/uploads\/2025\/08\/tapas-sevilla-768x432.jpg 768w, https:\/\/www.descubrirsevilla.com\/wp-content\/uploads\/2025\/08\/tapas-sevilla-1536x864.jpg 1536w, https:\/\/www.descubrirsevilla.com\/wp-content\/uploads\/2025\/08\/tapas-sevilla-133x75.jpg 133w, https:\/\/www.descubrirsevilla.com\/wp-content\/uploads\/2025\/08\/tapas-sevilla-700x394.jpg 700w\" sizes=\"(max-width:767px) 700px, (max-width:1920px) 100vw, 1920px\" \/><\/a>\n\t\t\t\t\t<\/div>\n\t\t\n\t\t\t\n\t\t\t<div class=\"uael-post__content-wrap\">\n\n\t\t\t\t\t<h4 class=\"uael-post__title\">\n\n\t\t\n\t\t\t\t\t\t<a href=\"https:\/\/www.descubrirsevilla.com\/fr\/tapas-a-seville\/\" target=\"_self\">\n\t\t\t\tTapas \u00e0 S\u00e9ville\t\t\t<\/a>\n\n\t\t\t\t<\/h4>\n\t\t<div class=\"uael-post__separator\"><\/div>\n\t\t<div class=\"uael-post__excerpt\">\n\t\t\tO\u00f9 manger les meilleures tapas \u00e0 S\u00e9ville\u00a0? Que sont les tapas\u00a0? Voici quelques-unes des questions les plus fr\u00e9quentes concernant les tapas.\t\t<\/div>\n\n\t\t\t\t\t<\/div>\n\t\t\t\n\t\t<\/div>\n\t\t\n\t<\/div>\n\n<\/div>\n\n<div class=\"uael-post-wrapper non-categorise  non-cat\u00e9goris\u00e9 \">\n\t<div class=\"uael-post__bg-wrap\">\n\n\t\t\t\t\n\t\t<div class=\"uael-post__inner-wrap \">\n\n\t\t\t\t<div class=\"uael-post__thumbnail\">\n\t\t\t\n\t\t\t<a href=\"https:\/\/www.descubrirsevilla.com\/fr\/jacarandas-a-seville\/\" target=\"_self\" title=\"Jacarandas \u00e0 S\u00e9ville\"><img decoding=\"async\" width=\"1920\" height=\"1080\" src=\"https:\/\/www.descubrirsevilla.com\/wp-content\/uploads\/2025\/09\/Jacarandas-a-Seville.jpg\" class=\"attachment-full size-full wp-image-2077\" alt=\"Fleurs des Jacarandas \u00e0 S\u00e9ville\" srcset=\"https:\/\/www.descubrirsevilla.com\/wp-content\/uploads\/2025\/09\/Jacarandas-a-Seville.jpg 1920w, https:\/\/www.descubrirsevilla.com\/wp-content\/uploads\/2025\/09\/Jacarandas-a-Seville-500x281.jpg 500w, https:\/\/www.descubrirsevilla.com\/wp-content\/uploads\/2025\/09\/Jacarandas-a-Seville-1200x675.jpg 1200w, https:\/\/www.descubrirsevilla.com\/wp-content\/uploads\/2025\/09\/Jacarandas-a-Seville-300x169.jpg 300w, https:\/\/www.descubrirsevilla.com\/wp-content\/uploads\/2025\/09\/Jacarandas-a-Seville-768x432.jpg 768w, https:\/\/www.descubrirsevilla.com\/wp-content\/uploads\/2025\/09\/Jacarandas-a-Seville-1536x864.jpg 1536w, https:\/\/www.descubrirsevilla.com\/wp-content\/uploads\/2025\/09\/Jacarandas-a-Seville-133x75.jpg 133w, https:\/\/www.descubrirsevilla.com\/wp-content\/uploads\/2025\/09\/Jacarandas-a-Seville-700x394.jpg 700w\" sizes=\"(max-width:767px) 700px, (max-width:1920px) 100vw, 1920px\" \/><\/a>\n\t\t\t\t\t<\/div>\n\t\t\n\t\t\t\n\t\t\t<div class=\"uael-post__content-wrap\">\n\n\t\t\t\t\t<h4 class=\"uael-post__title\">\n\n\t\t\n\t\t\t\t\t\t<a href=\"https:\/\/www.descubrirsevilla.com\/fr\/jacarandas-a-seville\/\" target=\"_self\">\n\t\t\t\tJacarandas \u00e0 S\u00e9ville\t\t\t<\/a>\n\n\t\t\t\t<\/h4>\n\t\t<div class=\"uael-post__separator\"><\/div>\n\t\t<div class=\"uael-post__excerpt\">\n\t\t\tSi vous visitez S\u00e9ville en mai ou en septembre, vous serez certainement frapp\u00e9 par cet arbre couvert de fleurs lilas. Ce sont les jacarandas.\t\t<\/div>\n\n\t\t\t\t\t<\/div>\n\t\t\t\n\t\t<\/div>\n\t\t\n\t<\/div>\n\n<\/div>\n\n<div class=\"uael-post-wrapper non-categorise senza-categoria  non-cat\u00e9goris\u00e9 senza-categoria \">\n\t<div class=\"uael-post__bg-wrap\">\n\n\t\t\t\t\n\t\t<div class=\"uael-post__inner-wrap \">\n\n\t\t\t\t<div class=\"uael-post__thumbnail\">\n\t\t\t\n\t\t\t<a href=\"https:\/\/www.descubrirsevilla.com\/fr\/informations-pratiques-sur-seville\/\" target=\"_self\" title=\"Informations pratiques sur S\u00e9ville\"><img decoding=\"async\" width=\"1920\" height=\"1080\" src=\"https:\/\/www.descubrirsevilla.com\/wp-content\/uploads\/2025\/09\/Informations-pratiques-sur-Seville.webp\" class=\"attachment-full size-full wp-image-2083\" alt=\"Informations pratiques sur S\u00e9ville\" srcset=\"https:\/\/www.descubrirsevilla.com\/wp-content\/uploads\/2025\/09\/Informations-pratiques-sur-Seville.webp 1920w, https:\/\/www.descubrirsevilla.com\/wp-content\/uploads\/2025\/09\/Informations-pratiques-sur-Seville-500x281.webp 500w, https:\/\/www.descubrirsevilla.com\/wp-content\/uploads\/2025\/09\/Informations-pratiques-sur-Seville-1200x675.webp 1200w, https:\/\/www.descubrirsevilla.com\/wp-content\/uploads\/2025\/09\/Informations-pratiques-sur-Seville-300x169.webp 300w, https:\/\/www.descubrirsevilla.com\/wp-content\/uploads\/2025\/09\/Informations-pratiques-sur-Seville-768x432.webp 768w, https:\/\/www.descubrirsevilla.com\/wp-content\/uploads\/2025\/09\/Informations-pratiques-sur-Seville-1536x864.webp 1536w, https:\/\/www.descubrirsevilla.com\/wp-content\/uploads\/2025\/09\/Informations-pratiques-sur-Seville-133x75.webp 133w, https:\/\/www.descubrirsevilla.com\/wp-content\/uploads\/2025\/09\/Informations-pratiques-sur-Seville-700x394.webp 700w\" sizes=\"(max-width:767px) 700px, (max-width:1920px) 100vw, 1920px\" \/><\/a>\n\t\t\t\t\t<\/div>\n\t\t\n\t\t\t\n\t\t\t<div class=\"uael-post__content-wrap\">\n\n\t\t\t\t\t<h4 class=\"uael-post__title\">\n\n\t\t\n\t\t\t\t\t\t<a href=\"https:\/\/www.descubrirsevilla.com\/fr\/informations-pratiques-sur-seville\/\" target=\"_self\">\n\t\t\t\tInformations pratiques sur S\u00e9ville\t\t\t<\/a>\n\n\t\t\t\t<\/h4>\n\t\t<div class=\"uael-post__separator\"><\/div>\n\t\t<div class=\"uael-post__excerpt\">\n\t\t\tD\u00e9couvrez S\u00e9ville. Conseils pour commencer \u00e0 pr\u00e9parer votre visite. Horaires des monuments et autres informations utiles.\t\t<\/div>\n\n\t\t\t\t\t<\/div>\n\t\t\t\n\t\t<\/div>\n\t\t\n\t<\/div>\n\n<\/div>\n\t\t\t\t<\/div>\n\t\t\t\t\t\t\n\t\t<\/div>\n\n\t\t\t\t\t\t<\/div>\n\t\t<div class=\"uael-post__footer\">\n\t\t\t\t\t<\/div>\n\t\t\t\t\t\t<\/div>\n\t\t\t\t<\/div>\n\t\t\t\t<\/div>\n\t\t\t\t<\/div>\n\t\t\t\t<\/div>\n\t\t","protected":false},"excerpt":{"rendered":"<p>Vous cherchez des conseils, des anecdotes, des informations sur S\u00e9ville ? Consultez mon blog, vous y trouverez certainement des choses qui vous surprendront.<\/p>\n","protected":false},"author":2,"featured_media":2286,"parent":0,"menu_order":0,"comment_status":"open","ping_status":"closed","template":"","meta":{"footnotes":""},"class_list":["post-1990","page","type-page","status-publish","has-post-thumbnail","hentry"],"yoast_head":"<!-- This site is optimized with the Yoast SEO plugin v26.8 - https:\/\/yoast.com\/product\/yoast-seo-wordpress\/ -->\n<title>Conseils et curiosit\u00e9s sur S\u00e9ville - Descubrir Sevilla<\/title>\n<meta name=\"description\" content=\"Vous cherchez des conseils, des informations sur S\u00e9ville ? Consultez mon blog, vous y trouverez certainement des choses qui vous surprendront.\" \/>\n<meta name=\"robots\" content=\"index, follow, max-snippet:-1, max-image-preview:large, max-video-preview:-1\" \/>\n<link rel=\"canonical\" href=\"https:\/\/www.descubrirsevilla.com\/it\/consigli-di-viaggio\/\" \/>\n<meta property=\"og:locale\" content=\"fr_FR\" \/>\n<meta property=\"og:type\" content=\"article\" \/>\n<meta property=\"og:title\" content=\"Conseils et curiosit\u00e9s sur S\u00e9ville - Descubrir Sevilla\" \/>\n<meta property=\"og:description\" content=\"Vous cherchez des conseils, des informations sur S\u00e9ville ? Consultez mon blog, vous y trouverez certainement des choses qui vous surprendront.\" \/>\n<meta property=\"og:url\" content=\"https:\/\/www.descubrirsevilla.com\/it\/consigli-di-viaggio\/\" \/>\n<meta property=\"og:site_name\" content=\"Descubrir Sevilla\" \/>\n<meta property=\"article:modified_time\" content=\"2025-09-09T09:09:34+00:00\" \/>\n<meta property=\"og:image\" content=\"https:\/\/www.descubrirsevilla.com\/wp-content\/uploads\/2025\/09\/Conseils-et-curiosites-sur-Seville.jpg\" \/>\n\t<meta property=\"og:image:width\" content=\"512\" \/>\n\t<meta property=\"og:image:height\" content=\"512\" \/>\n\t<meta property=\"og:image:type\" content=\"image\/jpeg\" \/>\n<meta name=\"twitter:card\" content=\"summary_large_image\" \/>\n<meta name=\"twitter:label1\" content=\"Dur\u00e9e de lecture estim\u00e9e\" \/>\n\t<meta name=\"twitter:data1\" content=\"2 minutes\" \/>\n<script type=\"application\/ld+json\" class=\"yoast-schema-graph\">{\"@context\":\"https:\/\/schema.org\",\"@graph\":[{\"@type\":\"WebPage\",\"@id\":\"https:\/\/www.descubrirsevilla.com\/it\/consigli-di-viaggio\/\",\"url\":\"https:\/\/www.descubrirsevilla.com\/it\/consigli-di-viaggio\/\",\"name\":\"Conseils et curiosit\u00e9s sur S\u00e9ville - Descubrir Sevilla\",\"isPartOf\":{\"@id\":\"https:\/\/www.descubrirsevilla.com\/#website\"},\"primaryImageOfPage\":{\"@id\":\"https:\/\/www.descubrirsevilla.com\/it\/consigli-di-viaggio\/#primaryimage\"},\"image\":{\"@id\":\"https:\/\/www.descubrirsevilla.com\/it\/consigli-di-viaggio\/#primaryimage\"},\"thumbnailUrl\":\"https:\/\/www.descubrirsevilla.com\/wp-content\/uploads\/2025\/09\/Conseils-et-curiosites-sur-Seville.jpg\",\"datePublished\":\"2025-09-01T17:11:56+00:00\",\"dateModified\":\"2025-09-09T09:09:34+00:00\",\"description\":\"Vous cherchez des conseils, des informations sur S\u00e9ville ? Consultez mon blog, vous y trouverez certainement des choses qui vous surprendront.\",\"breadcrumb\":{\"@id\":\"https:\/\/www.descubrirsevilla.com\/it\/consigli-di-viaggio\/#breadcrumb\"},\"inLanguage\":\"fr-FR\",\"potentialAction\":[{\"@type\":\"ReadAction\",\"target\":[\"https:\/\/www.descubrirsevilla.com\/it\/consigli-di-viaggio\/\"]}]},{\"@type\":\"ImageObject\",\"inLanguage\":\"fr-FR\",\"@id\":\"https:\/\/www.descubrirsevilla.com\/it\/consigli-di-viaggio\/#primaryimage\",\"url\":\"https:\/\/www.descubrirsevilla.com\/wp-content\/uploads\/2025\/09\/Conseils-et-curiosites-sur-Seville.jpg\",\"contentUrl\":\"https:\/\/www.descubrirsevilla.com\/wp-content\/uploads\/2025\/09\/Conseils-et-curiosites-sur-Seville.jpg\",\"width\":512,\"height\":512,\"caption\":\"Conseils et curiosit\u00e9s sur S\u00e9ville\"},{\"@type\":\"BreadcrumbList\",\"@id\":\"https:\/\/www.descubrirsevilla.com\/it\/consigli-di-viaggio\/#breadcrumb\",\"itemListElement\":[{\"@type\":\"ListItem\",\"position\":1,\"name\":\"Portada\",\"item\":\"https:\/\/www.descubrirsevilla.com\/fr\/\"},{\"@type\":\"ListItem\",\"position\":2,\"name\":\"Conseils\"}]},{\"@type\":\"WebSite\",\"@id\":\"https:\/\/www.descubrirsevilla.com\/#website\",\"url\":\"https:\/\/www.descubrirsevilla.com\/\",\"name\":\"Descubrir Sevilla\",\"description\":\"Guia Turistica Oficial Sevilla, Beatriz Saez\",\"publisher\":{\"@id\":\"https:\/\/www.descubrirsevilla.com\/#organization\"},\"potentialAction\":[{\"@type\":\"SearchAction\",\"target\":{\"@type\":\"EntryPoint\",\"urlTemplate\":\"https:\/\/www.descubrirsevilla.com\/?s={search_term_string}\"},\"query-input\":{\"@type\":\"PropertyValueSpecification\",\"valueRequired\":true,\"valueName\":\"search_term_string\"}}],\"inLanguage\":\"fr-FR\"},{\"@type\":\"Organization\",\"@id\":\"https:\/\/www.descubrirsevilla.com\/#organization\",\"name\":\"Descubrir Sevilla\",\"url\":\"https:\/\/www.descubrirsevilla.com\/\",\"logo\":{\"@type\":\"ImageObject\",\"inLanguage\":\"fr-FR\",\"@id\":\"https:\/\/www.descubrirsevilla.com\/#\/schema\/logo\/image\/\",\"url\":\"https:\/\/www.descubrirsevilla.com\/wp-content\/uploads\/2025\/07\/logo-transparente.png\",\"contentUrl\":\"https:\/\/www.descubrirsevilla.com\/wp-content\/uploads\/2025\/07\/logo-transparente.png\",\"width\":967,\"height\":270,\"caption\":\"Descubrir Sevilla\"},\"image\":{\"@id\":\"https:\/\/www.descubrirsevilla.com\/#\/schema\/logo\/image\/\"}}]}<\/script>\n<!-- \/ Yoast SEO plugin. -->","yoast_head_json":{"title":"Conseils et curiosit\u00e9s sur S\u00e9ville - Descubrir Sevilla","description":"Vous cherchez des conseils, des informations sur S\u00e9ville ? Consultez mon blog, vous y trouverez certainement des choses qui vous surprendront.","robots":{"index":"index","follow":"follow","max-snippet":"max-snippet:-1","max-image-preview":"max-image-preview:large","max-video-preview":"max-video-preview:-1"},"canonical":"https:\/\/www.descubrirsevilla.com\/it\/consigli-di-viaggio\/","og_locale":"fr_FR","og_type":"article","og_title":"Conseils et curiosit\u00e9s sur S\u00e9ville - Descubrir Sevilla","og_description":"Vous cherchez des conseils, des informations sur S\u00e9ville ? Consultez mon blog, vous y trouverez certainement des choses qui vous surprendront.","og_url":"https:\/\/www.descubrirsevilla.com\/it\/consigli-di-viaggio\/","og_site_name":"Descubrir Sevilla","article_modified_time":"2025-09-09T09:09:34+00:00","og_image":[{"width":512,"height":512,"url":"https:\/\/www.descubrirsevilla.com\/wp-content\/uploads\/2025\/09\/Conseils-et-curiosites-sur-Seville.jpg","type":"image\/jpeg"}],"twitter_card":"summary_large_image","twitter_misc":{"Dur\u00e9e de lecture estim\u00e9e":"2 minutes"},"schema":{"@context":"https:\/\/schema.org","@graph":[{"@type":"WebPage","@id":"https:\/\/www.descubrirsevilla.com\/it\/consigli-di-viaggio\/","url":"https:\/\/www.descubrirsevilla.com\/it\/consigli-di-viaggio\/","name":"Conseils et curiosit\u00e9s sur S\u00e9ville - Descubrir Sevilla","isPartOf":{"@id":"https:\/\/www.descubrirsevilla.com\/#website"},"primaryImageOfPage":{"@id":"https:\/\/www.descubrirsevilla.com\/it\/consigli-di-viaggio\/#primaryimage"},"image":{"@id":"https:\/\/www.descubrirsevilla.com\/it\/consigli-di-viaggio\/#primaryimage"},"thumbnailUrl":"https:\/\/www.descubrirsevilla.com\/wp-content\/uploads\/2025\/09\/Conseils-et-curiosites-sur-Seville.jpg","datePublished":"2025-09-01T17:11:56+00:00","dateModified":"2025-09-09T09:09:34+00:00","description":"Vous cherchez des conseils, des informations sur S\u00e9ville ? Consultez mon blog, vous y trouverez certainement des choses qui vous surprendront.","breadcrumb":{"@id":"https:\/\/www.descubrirsevilla.com\/it\/consigli-di-viaggio\/#breadcrumb"},"inLanguage":"fr-FR","potentialAction":[{"@type":"ReadAction","target":["https:\/\/www.descubrirsevilla.com\/it\/consigli-di-viaggio\/"]}]},{"@type":"ImageObject","inLanguage":"fr-FR","@id":"https:\/\/www.descubrirsevilla.com\/it\/consigli-di-viaggio\/#primaryimage","url":"https:\/\/www.descubrirsevilla.com\/wp-content\/uploads\/2025\/09\/Conseils-et-curiosites-sur-Seville.jpg","contentUrl":"https:\/\/www.descubrirsevilla.com\/wp-content\/uploads\/2025\/09\/Conseils-et-curiosites-sur-Seville.jpg","width":512,"height":512,"caption":"Conseils et curiosit\u00e9s sur S\u00e9ville"},{"@type":"BreadcrumbList","@id":"https:\/\/www.descubrirsevilla.com\/it\/consigli-di-viaggio\/#breadcrumb","itemListElement":[{"@type":"ListItem","position":1,"name":"Portada","item":"https:\/\/www.descubrirsevilla.com\/fr\/"},{"@type":"ListItem","position":2,"name":"Conseils"}]},{"@type":"WebSite","@id":"https:\/\/www.descubrirsevilla.com\/#website","url":"https:\/\/www.descubrirsevilla.com\/","name":"Descubrir Sevilla","description":"Guia Turistica Oficial Sevilla, Beatriz Saez","publisher":{"@id":"https:\/\/www.descubrirsevilla.com\/#organization"},"potentialAction":[{"@type":"SearchAction","target":{"@type":"EntryPoint","urlTemplate":"https:\/\/www.descubrirsevilla.com\/?s={search_term_string}"},"query-input":{"@type":"PropertyValueSpecification","valueRequired":true,"valueName":"search_term_string"}}],"inLanguage":"fr-FR"},{"@type":"Organization","@id":"https:\/\/www.descubrirsevilla.com\/#organization","name":"Descubrir Sevilla","url":"https:\/\/www.descubrirsevilla.com\/","logo":{"@type":"ImageObject","inLanguage":"fr-FR","@id":"https:\/\/www.descubrirsevilla.com\/#\/schema\/logo\/image\/","url":"https:\/\/www.descubrirsevilla.com\/wp-content\/uploads\/2025\/07\/logo-transparente.png","contentUrl":"https:\/\/www.descubrirsevilla.com\/wp-content\/uploads\/2025\/07\/logo-transparente.png","width":967,"height":270,"caption":"Descubrir Sevilla"},"image":{"@id":"https:\/\/www.descubrirsevilla.com\/#\/schema\/logo\/image\/"}}]}},"_links":{"self":[{"href":"https:\/\/www.descubrirsevilla.com\/fr\/wp-json\/wp\/v2\/pages\/1990","targetHints":{"allow":["GET"]}}],"collection":[{"href":"https:\/\/www.descubrirsevilla.com\/fr\/wp-json\/wp\/v2\/pages"}],"about":[{"href":"https:\/\/www.descubrirsevilla.com\/fr\/wp-json\/wp\/v2\/types\/page"}],"author":[{"embeddable":true,"href":"https:\/\/www.descubrirsevilla.com\/fr\/wp-json\/wp\/v2\/users\/2"}],"replies":[{"embeddable":true,"href":"https:\/\/www.descubrirsevilla.com\/fr\/wp-json\/wp\/v2\/comments?post=1990"}],"version-history":[{"count":13,"href":"https:\/\/www.descubrirsevilla.com\/fr\/wp-json\/wp\/v2\/pages\/1990\/revisions"}],"predecessor-version":[{"id":2628,"href":"https:\/\/www.descubrirsevilla.com\/fr\/wp-json\/wp\/v2\/pages\/1990\/revisions\/2628"}],"wp:featuredmedia":[{"embeddable":true,"href":"https:\/\/www.descubrirsevilla.com\/fr\/wp-json\/wp\/v2\/media\/2286"}],"wp:attachment":[{"href":"https:\/\/www.descubrirsevilla.com\/fr\/wp-json\/wp\/v2\/media?parent=1990"}],"curies":[{"name":"wp","href":"https:\/\/api.w.org\/{rel}","templated":true}]}}