{"id":1594,"date":"2025-08-29T10:23:14","date_gmt":"2025-08-29T08:23:14","guid":{"rendered":"https:\/\/www.descubrirsevilla.com\/?page_id=1594"},"modified":"2025-09-04T13:24:19","modified_gmt":"2025-09-04T11:24:19","slug":"telephone-guide-touristique-seville","status":"publish","type":"page","link":"https:\/\/www.descubrirsevilla.com\/fr\/telephone-guide-touristique-seville\/","title":{"rendered":"Contact"},"content":{"rendered":"\t\t<div data-elementor-type=\"wp-page\" data-elementor-id=\"1594\" class=\"elementor elementor-1594 elementor-1593\" data-elementor-post-type=\"page\">\n\t\t\t\t<div class=\"elementor-element elementor-element-ec0b69f e-con-full e-flex elementor-invisible e-con e-parent\" data-id=\"ec0b69f\" data-element_type=\"container\" data-settings=\"{&quot;background_background&quot;:&quot;classic&quot;,&quot;animation&quot;:&quot;fadeIn&quot;}\">\n\t\t\t\t<\/div>\n\t\t<div class=\"elementor-element elementor-element-558ea20 e-con-full e-flex elementor-invisible e-con e-parent\" data-id=\"558ea20\" data-element_type=\"container\" data-settings=\"{&quot;background_background&quot;:&quot;classic&quot;,&quot;animation&quot;:&quot;fadeIn&quot;}\">\n\t\t<div class=\"elementor-element elementor-element-7190338 e-con-full e-flex e-con e-child\" data-id=\"7190338\" data-element_type=\"container\">\n\t\t\t\t<div class=\"elementor-element elementor-element-9061e80 elementor-widget elementor-widget-heading\" data-id=\"9061e80\" data-element_type=\"widget\" data-widget_type=\"heading.default\">\n\t\t\t\t<div class=\"elementor-widget-container\">\n\t\t\t\t\t<h1 class=\"elementor-heading-title elementor-size-default\">CONTACT<\/h1>\t\t\t\t<\/div>\n\t\t\t\t<\/div>\n\t\t\t\t<div class=\"elementor-element elementor-element-3a755bb elementor-widget elementor-widget-text-editor\" data-id=\"3a755bb\" data-element_type=\"widget\" data-widget_type=\"text-editor.default\">\n\t\t\t\t<div class=\"elementor-widget-container\">\n\t\t\t\t\t\t\t\t\t<p>Vous souhaitez organiser un tour ou une visite guid\u00e9e \u00e0 S\u00e9ville<br \/>ou simplement demander des informations\u00a0?<\/p>\t\t\t\t\t\t\t\t<\/div>\n\t\t\t\t<\/div>\n\t\t\t\t<\/div>\n\t\t\t\t<\/div>\n\t\t<div class=\"elementor-element elementor-element-7760a27 e-con-full e-flex elementor-invisible e-con e-parent\" data-id=\"7760a27\" data-element_type=\"container\" data-settings=\"{&quot;background_background&quot;:&quot;classic&quot;,&quot;animation&quot;:&quot;fadeInLeft&quot;}\">\n\t\t<div class=\"elementor-element elementor-element-6660b76 e-con-full e-flex e-con e-child\" data-id=\"6660b76\" data-element_type=\"container\">\n\t\t\t\t<div class=\"elementor-element elementor-element-a10f34d elementor-widget elementor-widget-image\" data-id=\"a10f34d\" data-element_type=\"widget\" data-widget_type=\"image.default\">\n\t\t\t\t<div class=\"elementor-widget-container\">\n\t\t\t\t\t\t\t\t\t\t\t\t\t\t\t<img fetchpriority=\"high\" decoding=\"async\" width=\"500\" height=\"500\" src=\"https:\/\/www.descubrirsevilla.com\/wp-content\/uploads\/2025\/08\/bea2-red.jpg\" class=\"attachment-full size-full wp-image-1759\" alt=\"Beatriz Saez. Guide touristique \u00e0 S\u00e9ville\" srcset=\"https:\/\/www.descubrirsevilla.com\/wp-content\/uploads\/2025\/08\/bea2-red.jpg 500w, https:\/\/www.descubrirsevilla.com\/wp-content\/uploads\/2025\/08\/bea2-red-300x300.jpg 300w, https:\/\/www.descubrirsevilla.com\/wp-content\/uploads\/2025\/08\/bea2-red-150x150.jpg 150w, https:\/\/www.descubrirsevilla.com\/wp-content\/uploads\/2025\/08\/bea2-red-75x75.jpg 75w\" sizes=\"(max-width:767px) 500px, 500px\" \/>\t\t\t\t\t\t\t\t\t\t\t\t\t\t\t<\/div>\n\t\t\t\t<\/div>\n\t\t\t\t<div class=\"elementor-element elementor-element-36a599c elementor-widget elementor-widget-text-editor\" data-id=\"36a599c\" data-element_type=\"widget\" data-widget_type=\"text-editor.default\">\n\t\t\t\t<div class=\"elementor-widget-container\">\n\t\t\t\t\t\t\t\t\t<p>Contactez-moi sans aucun engagement et je vous r\u00e9pondrai dans les plus brefs d\u00e9lais.<\/p>\t\t\t\t\t\t\t\t<\/div>\n\t\t\t\t<\/div>\n\t\t\t\t<div class=\"elementor-element elementor-element-17fbe80 elementor-view-default elementor-position-block-start elementor-mobile-position-block-start elementor-widget elementor-widget-icon-box\" data-id=\"17fbe80\" data-element_type=\"widget\" data-widget_type=\"icon-box.default\">\n\t\t\t\t<div class=\"elementor-widget-container\">\n\t\t\t\t\t\t\t<div class=\"elementor-icon-box-wrapper\">\n\n\t\t\t\t\t\t<div class=\"elementor-icon-box-icon\">\n\t\t\t\t<a href=\"mailto:info@descubrirsevilla.com\" class=\"elementor-icon\" tabindex=\"-1\" aria-label=\"info@descubrirsevilla.com\">\n\t\t\t\t<svg aria-hidden=\"true\" class=\"e-font-icon-svg e-fas-envelope\" viewBox=\"0 0 512 512\" xmlns=\"http:\/\/www.w3.org\/2000\/svg\"><path d=\"M502.3 190.8c3.9-3.1 9.7-.2 9.7 4.7V400c0 26.5-21.5 48-48 48H48c-26.5 0-48-21.5-48-48V195.6c0-5 5.7-7.8 9.7-4.7 22.4 17.4 52.1 39.5 154.1 113.6 21.1 15.4 56.7 47.8 92.2 47.6 35.7.3 72-32.8 92.3-47.6 102-74.1 131.6-96.3 154-113.7zM256 320c23.2.4 56.6-29.2 73.4-41.4 132.7-96.3 142.8-104.7 173.4-128.7 5.8-4.5 9.2-11.5 9.2-18.9v-19c0-26.5-21.5-48-48-48H48C21.5 64 0 85.5 0 112v19c0 7.4 3.4 14.3 9.2 18.9 30.6 23.9 40.7 32.4 173.4 128.7 16.8 12.2 50.2 41.8 73.4 41.4z\"><\/path><\/svg>\t\t\t\t<\/a>\n\t\t\t<\/div>\n\t\t\t\n\t\t\t\t\t\t<div class=\"elementor-icon-box-content\">\n\n\t\t\t\t\t\t\t\t\t<h4 class=\"elementor-icon-box-title\">\n\t\t\t\t\t\t<a href=\"mailto:info@descubrirsevilla.com\" >\n\t\t\t\t\t\t\tinfo@descubrirsevilla.com\t\t\t\t\t\t<\/a>\n\t\t\t\t\t<\/h4>\n\t\t\t\t\n\t\t\t\t\n\t\t\t<\/div>\n\t\t\t\n\t\t<\/div>\n\t\t\t\t\t\t<\/div>\n\t\t\t\t<\/div>\n\t\t\t\t<div class=\"elementor-element elementor-element-a21c28c elementor-view-default elementor-position-block-start elementor-mobile-position-block-start elementor-widget elementor-widget-icon-box\" data-id=\"a21c28c\" data-element_type=\"widget\" data-widget_type=\"icon-box.default\">\n\t\t\t\t<div class=\"elementor-widget-container\">\n\t\t\t\t\t\t\t<div class=\"elementor-icon-box-wrapper\">\n\n\t\t\t\t\t\t<div class=\"elementor-icon-box-icon\">\n\t\t\t\t<a href=\"tel:+34639488431\" class=\"elementor-icon\" tabindex=\"-1\" aria-label=\"+34 639488431\">\n\t\t\t\t<svg aria-hidden=\"true\" class=\"e-font-icon-svg e-fas-phone-square-alt\" viewBox=\"0 0 448 512\" xmlns=\"http:\/\/www.w3.org\/2000\/svg\"><path d=\"M400 32H48A48 48 0 0 0 0 80v352a48 48 0 0 0 48 48h352a48 48 0 0 0 48-48V80a48 48 0 0 0-48-48zm-16.39 307.37l-15 65A15 15 0 0 1 354 416C194 416 64 286.29 64 126a15.7 15.7 0 0 1 11.63-14.61l65-15A18.23 18.23 0 0 1 144 96a16.27 16.27 0 0 1 13.79 9.09l30 70A17.9 17.9 0 0 1 189 181a17 17 0 0 1-5.5 11.61l-37.89 31a231.91 231.91 0 0 0 110.78 110.78l31-37.89A17 17 0 0 1 299 291a17.85 17.85 0 0 1 5.91 1.21l70 30A16.25 16.25 0 0 1 384 336a17.41 17.41 0 0 1-.39 3.37z\"><\/path><\/svg>\t\t\t\t<\/a>\n\t\t\t<\/div>\n\t\t\t\n\t\t\t\t\t\t<div class=\"elementor-icon-box-content\">\n\n\t\t\t\t\t\t\t\t\t<h4 class=\"elementor-icon-box-title\">\n\t\t\t\t\t\t<a href=\"tel:+34639488431\" >\n\t\t\t\t\t\t\t+34 639488431\t\t\t\t\t\t<\/a>\n\t\t\t\t\t<\/h4>\n\t\t\t\t\n\t\t\t\t\n\t\t\t<\/div>\n\t\t\t\n\t\t<\/div>\n\t\t\t\t\t\t<\/div>\n\t\t\t\t<\/div>\n\t\t\t\t<\/div>\n\t\t<div class=\"elementor-element elementor-element-0edb7e3 e-con-full e-flex e-con e-child\" data-id=\"0edb7e3\" data-element_type=\"container\">\n\t\t\t\t<div class=\"elementor-element elementor-element-9b8c164 elementor-widget elementor-widget-shortcode\" data-id=\"9b8c164\" data-element_type=\"widget\" data-widget_type=\"shortcode.default\">\n\t\t\t\t<div class=\"elementor-widget-container\">\n\t\t\t\t\t\t\t<div class=\"elementor-shortcode\">\n<div class=\"wpcf7 no-js\" id=\"wpcf7-f1607-o1\" lang=\"fr-FR\" dir=\"ltr\" data-wpcf7-id=\"1607\">\n<div class=\"screen-reader-response\"><p role=\"status\" aria-live=\"polite\" aria-atomic=\"true\"><\/p> <ul><\/ul><\/div>\n<form action=\"\/fr\/wp-json\/wp\/v2\/pages\/1594#wpcf7-f1607-o1\" method=\"post\" class=\"wpcf7-form init\" aria-label=\"Formulaire de contact\" novalidate=\"novalidate\" data-status=\"init\">\n<fieldset class=\"hidden-fields-container\"><input type=\"hidden\" name=\"_wpcf7\" value=\"1607\" \/><input type=\"hidden\" name=\"_wpcf7_version\" value=\"6.1.4\" \/><input type=\"hidden\" name=\"_wpcf7_locale\" value=\"fr_FR\" \/><input type=\"hidden\" name=\"_wpcf7_unit_tag\" value=\"wpcf7-f1607-o1\" \/><input type=\"hidden\" name=\"_wpcf7_container_post\" value=\"0\" \/><input type=\"hidden\" name=\"_wpcf7_posted_data_hash\" value=\"\" \/>\n<\/fieldset>\n<p><label> Nom (obligatoire)<br \/>\n<span class=\"wpcf7-form-control-wrap\" data-name=\"your-name\"><input size=\"40\" maxlength=\"400\" class=\"wpcf7-form-control wpcf7-text wpcf7-validates-as-required\" autocomplete=\"name\" aria-required=\"true\" aria-invalid=\"false\" value=\"\" type=\"text\" name=\"your-name\" \/><\/span> <\/label>\n<\/p>\n<p><label> E-mail (obligatoire)<br \/>\n<span class=\"wpcf7-form-control-wrap\" data-name=\"your-email\"><input size=\"40\" maxlength=\"400\" class=\"wpcf7-form-control wpcf7-email wpcf7-validates-as-required wpcf7-text wpcf7-validates-as-email\" autocomplete=\"email\" aria-required=\"true\" aria-invalid=\"false\" value=\"\" type=\"email\" name=\"your-email\" \/><\/span> <\/label>\n<\/p>\n<p><label> T\u00e9l\u00e9phone<br \/>\n<span class=\"wpcf7-form-control-wrap\" data-name=\"telefono\"><input size=\"40\" maxlength=\"400\" class=\"wpcf7-form-control wpcf7-tel wpcf7-text wpcf7-validates-as-tel\" autocomplete=\"telefono\" aria-invalid=\"false\" value=\"\" type=\"tel\" name=\"telefono\" \/><\/span> <\/label>\n<\/p>\n<p><label> Message<br \/>\n<span class=\"wpcf7-form-control-wrap\" data-name=\"your-message\"><textarea cols=\"40\" rows=\"10\" maxlength=\"2000\" class=\"wpcf7-form-control wpcf7-textarea\" aria-invalid=\"false\" name=\"your-message\"><\/textarea><\/span> <\/label>\n<\/p>\n<div class=\"wpcf7-turnstile cf-turnstile\" data-sitekey=\"0x4AAAAAAB0D7StK9Iol67Gd\" data-response-field-name=\"_wpcf7_turnstile_response\"><\/div>\n<p><input class=\"wpcf7-form-control wpcf7-submit has-spinner\" type=\"submit\" value=\"Envoyer\" \/>\n<\/p><div class=\"wpcf7-response-output\" aria-hidden=\"true\"><\/div>\n<\/form>\n<\/div>\n<\/div>\n\t\t\t\t\t\t<\/div>\n\t\t\t\t<\/div>\n\t\t\t\t<div class=\"elementor-element elementor-element-6dd62b5 elementor-widget elementor-widget-text-editor\" data-id=\"6dd62b5\" data-element_type=\"widget\" data-widget_type=\"text-editor.default\">\n\t\t\t\t<div class=\"elementor-widget-container\">\n\t\t\t\t\t\t\t\t\t<p><strong>Code de confidentialit\u00e9 \u2013 traitement des donn\u00e9es personnelles :<\/strong><\/p><p>Les donn\u00e9es sont recueillies dans le seul but de pouvoir satisfaire le service demand\u00e9. Ces informations pourront \u00eatre communiqu\u00e9es uniquement au personnel en fonction de chaque activit\u00e9 et utilis\u00e9s exclusivement aux fins du service demand\u00e9. Ces informations seront utilis\u00e9es \u00e9lectroniquement en conformit\u00e9 avec la loi en vigueur.<\/p>\t\t\t\t\t\t\t\t<\/div>\n\t\t\t\t<\/div>\n\t\t\t\t<\/div>\n\t\t\t\t<\/div>\n\t\t\t\t<\/div>\n\t\t","protected":false},"excerpt":{"rendered":"<p>Beatriz Saez. Guide touristique \u00e0 S\u00e9ville. Visites guid\u00e9es. Contactez-moi pour plus d&rsquo;informations, sans engagement.<\/p>\n","protected":false},"author":1,"featured_media":1759,"parent":0,"menu_order":0,"comment_status":"open","ping_status":"closed","template":"","meta":{"footnotes":""},"class_list":["post-1594","page","type-page","status-publish","has-post-thumbnail","hentry"],"yoast_head":"<!-- This site is optimized with the Yoast SEO plugin v26.8 - https:\/\/yoast.com\/product\/yoast-seo-wordpress\/ -->\n<title>- Descubrir Sevilla<\/title>\n<meta name=\"description\" content=\"Beatriz Saez. Guide touristique \u00e0 S\u00e9ville. Visites guid\u00e9es. Contactez-moi pour plus d&#039;informations, sans engagement.\" \/>\n<meta name=\"robots\" content=\"index, follow, max-snippet:-1, max-image-preview:large, max-video-preview:-1\" \/>\n<link rel=\"canonical\" href=\"https:\/\/www.descubrirsevilla.com\/fr\/telephone-guide-touristique-seville\/\" \/>\n<meta property=\"og:locale\" content=\"fr_FR\" \/>\n<meta property=\"og:type\" content=\"article\" \/>\n<meta property=\"og:title\" content=\"- Descubrir Sevilla\" \/>\n<meta property=\"og:description\" content=\"Beatriz Saez. Guide touristique \u00e0 S\u00e9ville. Visites guid\u00e9es. Contactez-moi pour plus d&#039;informations, sans engagement.\" \/>\n<meta property=\"og:url\" content=\"https:\/\/www.descubrirsevilla.com\/fr\/telephone-guide-touristique-seville\/\" \/>\n<meta property=\"og:site_name\" content=\"Descubrir Sevilla\" \/>\n<meta property=\"article:modified_time\" content=\"2025-09-04T11:24:19+00:00\" \/>\n<meta property=\"og:image\" content=\"https:\/\/www.descubrirsevilla.com\/wp-content\/uploads\/2025\/08\/bea2-red.jpg\" \/>\n\t<meta property=\"og:image:width\" content=\"500\" \/>\n\t<meta property=\"og:image:height\" content=\"500\" \/>\n\t<meta property=\"og:image:type\" content=\"image\/jpeg\" \/>\n<meta name=\"twitter:card\" content=\"summary_large_image\" \/>\n<meta name=\"twitter:label1\" content=\"Dur\u00e9e de lecture estim\u00e9e\" \/>\n\t<meta name=\"twitter:data1\" content=\"1 minute\" \/>\n<script type=\"application\/ld+json\" class=\"yoast-schema-graph\">{\"@context\":\"https:\/\/schema.org\",\"@graph\":[{\"@type\":\"WebPage\",\"@id\":\"https:\/\/www.descubrirsevilla.com\/fr\/telephone-guide-touristique-seville\/\",\"url\":\"https:\/\/www.descubrirsevilla.com\/fr\/telephone-guide-touristique-seville\/\",\"name\":\"- Descubrir Sevilla\",\"isPartOf\":{\"@id\":\"https:\/\/www.descubrirsevilla.com\/#website\"},\"primaryImageOfPage\":{\"@id\":\"https:\/\/www.descubrirsevilla.com\/fr\/telephone-guide-touristique-seville\/#primaryimage\"},\"image\":{\"@id\":\"https:\/\/www.descubrirsevilla.com\/fr\/telephone-guide-touristique-seville\/#primaryimage\"},\"thumbnailUrl\":\"https:\/\/www.descubrirsevilla.com\/wp-content\/uploads\/2025\/08\/bea2-red.jpg\",\"datePublished\":\"2025-08-29T08:23:14+00:00\",\"dateModified\":\"2025-09-04T11:24:19+00:00\",\"description\":\"Beatriz Saez. Guide touristique \u00e0 S\u00e9ville. Visites guid\u00e9es. Contactez-moi pour plus d'informations, sans engagement.\",\"breadcrumb\":{\"@id\":\"https:\/\/www.descubrirsevilla.com\/fr\/telephone-guide-touristique-seville\/#breadcrumb\"},\"inLanguage\":\"fr-FR\",\"potentialAction\":[{\"@type\":\"ReadAction\",\"target\":[\"https:\/\/www.descubrirsevilla.com\/fr\/telephone-guide-touristique-seville\/\"]}]},{\"@type\":\"ImageObject\",\"inLanguage\":\"fr-FR\",\"@id\":\"https:\/\/www.descubrirsevilla.com\/fr\/telephone-guide-touristique-seville\/#primaryimage\",\"url\":\"https:\/\/www.descubrirsevilla.com\/wp-content\/uploads\/2025\/08\/bea2-red.jpg\",\"contentUrl\":\"https:\/\/www.descubrirsevilla.com\/wp-content\/uploads\/2025\/08\/bea2-red.jpg\",\"width\":500,\"height\":500,\"caption\":\"Beatriz Saez. Guide touristique \u00e0 S\u00e9ville\"},{\"@type\":\"BreadcrumbList\",\"@id\":\"https:\/\/www.descubrirsevilla.com\/fr\/telephone-guide-touristique-seville\/#breadcrumb\",\"itemListElement\":[{\"@type\":\"ListItem\",\"position\":1,\"name\":\"Portada\",\"item\":\"https:\/\/www.descubrirsevilla.com\/fr\/\"},{\"@type\":\"ListItem\",\"position\":2,\"name\":\"Contact\"}]},{\"@type\":\"WebSite\",\"@id\":\"https:\/\/www.descubrirsevilla.com\/#website\",\"url\":\"https:\/\/www.descubrirsevilla.com\/\",\"name\":\"Descubrir Sevilla\",\"description\":\"Guia Turistica Oficial Sevilla, Beatriz Saez\",\"publisher\":{\"@id\":\"https:\/\/www.descubrirsevilla.com\/#organization\"},\"potentialAction\":[{\"@type\":\"SearchAction\",\"target\":{\"@type\":\"EntryPoint\",\"urlTemplate\":\"https:\/\/www.descubrirsevilla.com\/?s={search_term_string}\"},\"query-input\":{\"@type\":\"PropertyValueSpecification\",\"valueRequired\":true,\"valueName\":\"search_term_string\"}}],\"inLanguage\":\"fr-FR\"},{\"@type\":\"Organization\",\"@id\":\"https:\/\/www.descubrirsevilla.com\/#organization\",\"name\":\"Descubrir Sevilla\",\"url\":\"https:\/\/www.descubrirsevilla.com\/\",\"logo\":{\"@type\":\"ImageObject\",\"inLanguage\":\"fr-FR\",\"@id\":\"https:\/\/www.descubrirsevilla.com\/#\/schema\/logo\/image\/\",\"url\":\"https:\/\/www.descubrirsevilla.com\/wp-content\/uploads\/2025\/07\/logo-transparente.png\",\"contentUrl\":\"https:\/\/www.descubrirsevilla.com\/wp-content\/uploads\/2025\/07\/logo-transparente.png\",\"width\":967,\"height\":270,\"caption\":\"Descubrir Sevilla\"},\"image\":{\"@id\":\"https:\/\/www.descubrirsevilla.com\/#\/schema\/logo\/image\/\"}}]}<\/script>\n<!-- \/ Yoast SEO plugin. -->","yoast_head_json":{"title":"- Descubrir Sevilla","description":"Beatriz Saez. Guide touristique \u00e0 S\u00e9ville. Visites guid\u00e9es. Contactez-moi pour plus d'informations, sans engagement.","robots":{"index":"index","follow":"follow","max-snippet":"max-snippet:-1","max-image-preview":"max-image-preview:large","max-video-preview":"max-video-preview:-1"},"canonical":"https:\/\/www.descubrirsevilla.com\/fr\/telephone-guide-touristique-seville\/","og_locale":"fr_FR","og_type":"article","og_title":"- Descubrir Sevilla","og_description":"Beatriz Saez. Guide touristique \u00e0 S\u00e9ville. Visites guid\u00e9es. Contactez-moi pour plus d'informations, sans engagement.","og_url":"https:\/\/www.descubrirsevilla.com\/fr\/telephone-guide-touristique-seville\/","og_site_name":"Descubrir Sevilla","article_modified_time":"2025-09-04T11:24:19+00:00","og_image":[{"width":500,"height":500,"url":"https:\/\/www.descubrirsevilla.com\/wp-content\/uploads\/2025\/08\/bea2-red.jpg","type":"image\/jpeg"}],"twitter_card":"summary_large_image","twitter_misc":{"Dur\u00e9e de lecture estim\u00e9e":"1 minute"},"schema":{"@context":"https:\/\/schema.org","@graph":[{"@type":"WebPage","@id":"https:\/\/www.descubrirsevilla.com\/fr\/telephone-guide-touristique-seville\/","url":"https:\/\/www.descubrirsevilla.com\/fr\/telephone-guide-touristique-seville\/","name":"- Descubrir Sevilla","isPartOf":{"@id":"https:\/\/www.descubrirsevilla.com\/#website"},"primaryImageOfPage":{"@id":"https:\/\/www.descubrirsevilla.com\/fr\/telephone-guide-touristique-seville\/#primaryimage"},"image":{"@id":"https:\/\/www.descubrirsevilla.com\/fr\/telephone-guide-touristique-seville\/#primaryimage"},"thumbnailUrl":"https:\/\/www.descubrirsevilla.com\/wp-content\/uploads\/2025\/08\/bea2-red.jpg","datePublished":"2025-08-29T08:23:14+00:00","dateModified":"2025-09-04T11:24:19+00:00","description":"Beatriz Saez. Guide touristique \u00e0 S\u00e9ville. Visites guid\u00e9es. Contactez-moi pour plus d'informations, sans engagement.","breadcrumb":{"@id":"https:\/\/www.descubrirsevilla.com\/fr\/telephone-guide-touristique-seville\/#breadcrumb"},"inLanguage":"fr-FR","potentialAction":[{"@type":"ReadAction","target":["https:\/\/www.descubrirsevilla.com\/fr\/telephone-guide-touristique-seville\/"]}]},{"@type":"ImageObject","inLanguage":"fr-FR","@id":"https:\/\/www.descubrirsevilla.com\/fr\/telephone-guide-touristique-seville\/#primaryimage","url":"https:\/\/www.descubrirsevilla.com\/wp-content\/uploads\/2025\/08\/bea2-red.jpg","contentUrl":"https:\/\/www.descubrirsevilla.com\/wp-content\/uploads\/2025\/08\/bea2-red.jpg","width":500,"height":500,"caption":"Beatriz Saez. Guide touristique \u00e0 S\u00e9ville"},{"@type":"BreadcrumbList","@id":"https:\/\/www.descubrirsevilla.com\/fr\/telephone-guide-touristique-seville\/#breadcrumb","itemListElement":[{"@type":"ListItem","position":1,"name":"Portada","item":"https:\/\/www.descubrirsevilla.com\/fr\/"},{"@type":"ListItem","position":2,"name":"Contact"}]},{"@type":"WebSite","@id":"https:\/\/www.descubrirsevilla.com\/#website","url":"https:\/\/www.descubrirsevilla.com\/","name":"Descubrir Sevilla","description":"Guia Turistica Oficial Sevilla, Beatriz Saez","publisher":{"@id":"https:\/\/www.descubrirsevilla.com\/#organization"},"potentialAction":[{"@type":"SearchAction","target":{"@type":"EntryPoint","urlTemplate":"https:\/\/www.descubrirsevilla.com\/?s={search_term_string}"},"query-input":{"@type":"PropertyValueSpecification","valueRequired":true,"valueName":"search_term_string"}}],"inLanguage":"fr-FR"},{"@type":"Organization","@id":"https:\/\/www.descubrirsevilla.com\/#organization","name":"Descubrir Sevilla","url":"https:\/\/www.descubrirsevilla.com\/","logo":{"@type":"ImageObject","inLanguage":"fr-FR","@id":"https:\/\/www.descubrirsevilla.com\/#\/schema\/logo\/image\/","url":"https:\/\/www.descubrirsevilla.com\/wp-content\/uploads\/2025\/07\/logo-transparente.png","contentUrl":"https:\/\/www.descubrirsevilla.com\/wp-content\/uploads\/2025\/07\/logo-transparente.png","width":967,"height":270,"caption":"Descubrir Sevilla"},"image":{"@id":"https:\/\/www.descubrirsevilla.com\/#\/schema\/logo\/image\/"}}]}},"_links":{"self":[{"href":"https:\/\/www.descubrirsevilla.com\/fr\/wp-json\/wp\/v2\/pages\/1594","targetHints":{"allow":["GET"]}}],"collection":[{"href":"https:\/\/www.descubrirsevilla.com\/fr\/wp-json\/wp\/v2\/pages"}],"about":[{"href":"https:\/\/www.descubrirsevilla.com\/fr\/wp-json\/wp\/v2\/types\/page"}],"author":[{"embeddable":true,"href":"https:\/\/www.descubrirsevilla.com\/fr\/wp-json\/wp\/v2\/users\/1"}],"replies":[{"embeddable":true,"href":"https:\/\/www.descubrirsevilla.com\/fr\/wp-json\/wp\/v2\/comments?post=1594"}],"version-history":[{"count":18,"href":"https:\/\/www.descubrirsevilla.com\/fr\/wp-json\/wp\/v2\/pages\/1594\/revisions"}],"predecessor-version":[{"id":2457,"href":"https:\/\/www.descubrirsevilla.com\/fr\/wp-json\/wp\/v2\/pages\/1594\/revisions\/2457"}],"wp:featuredmedia":[{"embeddable":true,"href":"https:\/\/www.descubrirsevilla.com\/fr\/wp-json\/wp\/v2\/media\/1759"}],"wp:attachment":[{"href":"https:\/\/www.descubrirsevilla.com\/fr\/wp-json\/wp\/v2\/media?parent=1594"}],"curies":[{"name":"wp","href":"https:\/\/api.w.org\/{rel}","templated":true}]}}